{"id":268,"date":"2018-02-12T21:39:03","date_gmt":"2018-02-12T21:39:03","guid":{"rendered":"https:\/\/www.onfirewebs.com\/aviso-legal-y-politica-de-privacidad\/"},"modified":"2021-04-21T15:34:59","modified_gmt":"2021-04-21T15:34:59","slug":"aviso-legal-y-politica-de-privacidad","status":"publish","type":"page","link":"https:\/\/www.onfirewebs.com\/ca\/aviso-legal-y-politica-de-privacidad\/","title":{"rendered":"AVISO LEGAL Y POL\u00cdTICA DE PRIVACIDAD"},"content":{"rendered":"<p>[vc_row][vc_column width=&#8221;1\/6&#8243;][\/vc_column][vc_column width=&#8221;2\/3&#8243;][vc_column_text]<\/p>\n<div class=\"zona1\">\n<p>T\u00c9RMINOS Y CONDICIONES DEL SERVICIO1. El usuario o visitante de la p\u00e1gina web https:\/\/www.onfirewebs.com tiene la obligaci\u00f3n de leer las condiciones de prestaci\u00f3n del servicio que se detallan en este texto, de manera que asume estas como v\u00e1lidas en la prestaci\u00f3n del servicio.<\/p>\n<p>2. Objetivos de la p\u00e1gina web https:\/\/www.onfirewebs.com: En \u00e9sta p\u00e1gina web se informa sobre servicios de marketing y programaci\u00f3n, pretendiendo llegar a un p\u00fablico objetivo interesado en dichos servicios, para que mediante el email, tel\u00e9fono y formulario de contacto expuestos puedan solicitar informaci\u00f3n.<\/p>\n<p>3. Condiciones de uso del contenido y servicios prestados en esta p\u00e1gina web:<\/p>\n<p>3.1.- No est\u00e1 permitida la reproducci\u00f3n de los contenidos (de cualquier tipo) publicados en https:\/\/www.onfirewebs.com sin el consentimiento expreso del autor de dicha web. En este caso hablamos de textos, gr\u00e1ficos, c\u00f3digo fuente, y cualquier otro contenido que sea servido desde esta p\u00e1gina web en sus p\u00e1ginas internas. No se puede compartir ni divulgar los textos, mails, v\u00eddeos, conversaciones y otro contenido privado que la empresa le facilite para el estudio y seguimiento de su\/s proyecto\/s<\/p>\n<p>3.2.- En esta p\u00e1gina web pueden existir contenidos de terceros. En cualquiera de los casos, y como es intenci\u00f3n siempre el respetar los derechos de autor y las leyes del copyright, si hubiera cualquier m\u00ednimo problema respecto a cualquier material publicado en esta web, se ruega que se pongan en contacto a trav\u00e9s del formulario indicado y el contenido ser\u00e1 retirado (tras ser comprobado) con la m\u00e1xima celeridad posible, ya que es intenci\u00f3n primera el respeto por los derechos de autor y el trabajo ajeno.<\/p>\n<p>3.3.- El autor de esta web no se hace responsable del mal uso que se haga del contenido expuesto en esta p\u00e1gina web (https:\/\/www.onfirewebs.com).<\/p>\n<p>Ley de protecci\u00f3n de datos:<\/p>\n<p>De conformidad con la Ley Org\u00e1nica 15\/1999, de 13 de diciembre, de Protecci\u00f3n de Datos de Car\u00e1cter Personal, se informa de que los datos personales que han sido facilitados voluntariamente por usted a\u00a0Onfirewebs\u00a0a trav\u00e9s de onfirewebs.com o el email soporte (@) onfirewebs.com que nos ha remitido, se incorporar\u00e1n a un fichero cuya titularidad corresponde a\u00a0Onfirewebs, destinataria de los mismos.Onfirewebs\u00a0se compromete a guardar secreto de los datos de car\u00e1cter personal facilitados y a mantener las medidas necesarias, habida cuenta en todo momento del estado de la tecnolog\u00eda, para evitar su alteraci\u00f3n, p\u00e9rdida, tratamiento o acceso no autorizado, sin perjuicio de que dichos datos o el acceso al fichero que los contiene pueda ser facilitado a aquellos \u00f3rganos o entidades que en virtud de una disposici\u00f3n legal exijan que les sea facilitado dicho acceso. La finalidad de la creaci\u00f3n, existencia y mantenimiento del fichero es la evaluaci\u00f3n, selecci\u00f3n y seguimiento, en su caso, de candidatos a puestos de trabajo, adem\u00e1s se les informa que todas las im\u00e1genes ser\u00e1n cedidas a empresas propietarias de p\u00e1ginas web para cumplir con los servicios que nos han encomendado por contrato.<\/p>\n<p>Por todo ello les pedimos su consentimiento expreso tal y como indica la legislaci\u00f3n sobre protecci\u00f3n de datos de car\u00e1cter personal. Se le informa asimismo de que le asisten los derechos de acceso, modificaci\u00f3n, oposici\u00f3n y cancelaci\u00f3n, que podr\u00e1 ejercitar mediante email dirigido a\u00a0Onfirewebs\u00a0en soporte (@) onfirewebs.com, a la atenci\u00f3n del Responsable del Tratamiento. Por \u00faltimo, le informamos de que, en caso de no consentir en que sus datos sean incorporados al fichero referido, puede hac\u00e9rnoslo saber mediante comunicaci\u00f3n email dirigido a\u00a0Onfirewebs\u00a0a soporte (@) onfirewebs.com, a la atenci\u00f3n del Responsable del Tratamiento en el plazo de un mes. En tal caso sus datos no ser\u00e1n incorporados a dicho fichero, todo ello sin perjuicio del ejercicio de sus derechos de acceso, modificaci\u00f3n, oposici\u00f3n y cancelaci\u00f3n referidos en el p\u00e1rrafo anterior.<\/p>\n<p>Pol\u00edtica de Cookies:<\/p>\n<p>En esta Web se pueden estar utilizando cookies en algunas p\u00e1ginas. La finalidad de dichas cookies es mejorar el servicio que ofrecen a sus clientes y a nuestros visitantes. En caso de ser instaladas, el administrador de esta Web le solicitara su consentimiento para hacerlo, y tendr\u00e1 opci\u00f3n de aceptarlo. Art. 22 LSSI.- \u201cLos prestadores de servicios podr\u00e1n utilizar dispositivos de almacenamiento y recuperaci\u00f3n de datos en equipos terminales de los destinatarios, a condici\u00f3n de que los mismos hayan dado su consentimiento despu\u00e9s de que se les haya facilitado informaci\u00f3n clara y completa sobre su utilizaci\u00f3n, en particular, sobre los fines del tratamiento de los datos, con arreglo a lo dispuesto en la Ley Org\u00e1nica 15\/1999, de 13 de diciembre, de Protecci\u00f3n de Datos de Car\u00e1cter Personal, Cuando sea t\u00e9cnicamente posible y eficaz, el consentimiento del destinatario para aceptar el tratamiento de los datos podr\u00e1 facilitarse mediante el uso de los par\u00e1metros adecuados del navegador o de otras aplicaciones, siempre que aqu\u00e9l deba proceder a su configuraci\u00f3n durante su instalaci\u00f3n o actualizaci\u00f3n mediante una acci\u00f3n expresa a tal efecto. Lo anterior no impedir\u00e1 el posible almacenamiento o acceso de \u00edndole t\u00e9cnica al solo fin de efectuar la transmisi\u00f3n de una comunicaci\u00f3n por una red de comunicaciones electr\u00f3nicas o, en la medida que resulte estrictamente necesario, para la prestaci\u00f3n de un servicio de la sociedad de la informaci\u00f3n expresamente solicitado por el destinatario.\u201d Una \u201cCookie\u201d es un peque\u00f1o archivo que se almacena en el ordenador del usuario y nos permite reconocerle. El conjunto de \u201ccookies\u201d nos ayuda a mejorar la calidad de nuestra web, permiti\u00e9ndonos controlar qu\u00e9 p\u00e1ginas encuentran nuestros usuarios \u00fatiles y cu\u00e1les no. Vd. como usuario de la p\u00e1gina Web puede BLOQUEAR O NO PERMITIR LA INSTALACION DE UNA COOKIE mediante lo que le explican en este enlace Web: http:\/\/windows.microsoft.com\/es-es\/windows-vista\/block-or-allow-cookies. Aunque las cookies son esenciales para el funcionamiento de internet, aportando innumerables ventajas en la prestaci\u00f3n de servicios interactivos, facilit\u00e1ndole la navegaci\u00f3n y el uso de nuestra web. Las cookies no pueden da\u00f1ar su equipo y que, a cambio, el que est\u00e9n activadas nos ayudan a identificar y resolver los errores. La informaci\u00f3n que le proporcionamos a continuaci\u00f3n, le ayudar\u00e1 a comprender los diferentes tipos de cookies:<\/p>\n<p>Cookies de sesi\u00f3n: son cookies temporales que permanecen en el archivo de cookies de su navegador hasta que abandone la p\u00e1gina web, por lo que ninguna queda registrada en el disco duro del usuario. La informaci\u00f3n obtenida por medio de estas cookies, sirven para analizar pautas de tr\u00e1fico en la web. A la larga, esto nos permite proporcionar una mejor experiencia para mejorar el contenido y facilitando su uso. Cookies permanentes: son almacenadas en el disco duro y nuestra web las lee cada vez que usted realiza una nueva visita. Una web permanente posee una fecha de expiraci\u00f3n determinada. La cookie dejar\u00e1 de funcionar despu\u00e9s de esa fecha. Las utilizamos, generalmente, para facilitar los servicios de compra y registro.<\/p>\n<p>Adem\u00e1s le informamos que las cookies permiten obtener la siguiente informaci\u00f3n: Fecha y hora de la \u00faltima vez que el usuario visit\u00f3 la Web. Dise\u00f1o de contenido que el usuario escogi\u00f3 en su primera visita a la web. Elementos de seguridad que intervienen en el control de acceso a las \u00e1reas restringidas.<\/p>\n<p>Otro tipo de informaci\u00f3n de determinadas cookies espec\u00edficas. En todo caso y en cumplimiento de la \u201cLey de Cookies\u201d Ley 13\/2012 de 30 de marzo, y del art. 22 de la LSSI, nuestra p\u00e1gina Web, en caso de instalar alguna cookie le solicitara su consentimiento previo a la instalaci\u00f3n de la misma en el mismo momento que indexe nuestra direcci\u00f3n Web. En algunos casos, el hecho de no aceptar la instalaci\u00f3n de las mismas, nuestra p\u00e1gina Web puede no dejarle continuar navegando en la misma. Y algunos de nuestros servicios podr\u00edan no funcionar adecuadamente. Dentro de esta Web, pueden ser utilizadas estos tipos de Cookies, distinguiendo: Las cookies estrictamente necesarias como por ejemplo, aquellas que sirvan para una correcta navegaci\u00f3n o cookies que sirvan para asegurar que el contenido de la p\u00e1gina web se carga eficazmente y correctamente. Las cookies de terceros, son las usadas por redes sociales, o por complementos externos de contenido como por ejemplo google maps, redes sociales\u2026 etc. Las cookies anal\u00edticas con intenciones de mantenimiento peri\u00f3dico, y para garantizar el mejor servicio posible al usuario, se hacen uso normalmente de cookies anal\u00edticas para recopilar datos estad\u00edsticos de la actividad.<\/p>\n<\/div>\n<div class=\"zona2\">\n<p>Aplicaci\u00f3n de la LSSI en esta p\u00e1gina:<\/p>\n<p>&nbsp;<\/p>\n<p>Para cualquier aclaraci\u00f3n escr\u00edbanos a trav\u00e9s del formulario de contacto. En un periodo menor de 48h ser\u00e1 contestado.<\/p>\n<\/div>\n<p>[\/vc_column_text][\/vc_column][vc_column width=&#8221;1\/6&#8243;][\/vc_column][\/vc_row]<\/p>\n","protected":false},"excerpt":{"rendered":"<p>[vc_row][vc_column width=&#8221;1\/6&#8243;][\/vc_column][vc_column width=&#8221;2\/3&#8243;][vc_column_text] T\u00c9RMINOS Y CONDICIONES DEL SERVICIO1. El usuario o visitante de la p\u00e1gina web https:\/\/www.onfirewebs.com tiene la obligaci\u00f3n de leer las condiciones de prestaci\u00f3n del servicio que se detallan en este texto, de manera que asume estas como v\u00e1lidas en la prestaci\u00f3n del servicio. 2. Objetivos de la p\u00e1gina web https:\/\/www.onfirewebs.com: En \u00e9sta&hellip;<\/p>\n","protected":false},"author":1,"featured_media":0,"parent":0,"menu_order":0,"comment_status":"closed","ping_status":"closed","template":"","meta":[],"class_list":["post-268","page","type-page","status-publish","hentry","description-off"],"_links":{"self":[{"href":"https:\/\/www.onfirewebs.com\/ca\/wp-json\/wp\/v2\/pages\/268","targetHints":{"allow":["GET"]}}],"collection":[{"href":"https:\/\/www.onfirewebs.com\/ca\/wp-json\/wp\/v2\/pages"}],"about":[{"href":"https:\/\/www.onfirewebs.com\/ca\/wp-json\/wp\/v2\/types\/page"}],"author":[{"embeddable":true,"href":"https:\/\/www.onfirewebs.com\/ca\/wp-json\/wp\/v2\/users\/1"}],"replies":[{"embeddable":true,"href":"https:\/\/www.onfirewebs.com\/ca\/wp-json\/wp\/v2\/comments?post=268"}],"version-history":[{"count":8,"href":"https:\/\/www.onfirewebs.com\/ca\/wp-json\/wp\/v2\/pages\/268\/revisions"}],"predecessor-version":[{"id":548,"href":"https:\/\/www.onfirewebs.com\/ca\/wp-json\/wp\/v2\/pages\/268\/revisions\/548"}],"wp:attachment":[{"href":"https:\/\/www.onfirewebs.com\/ca\/wp-json\/wp\/v2\/media?parent=268"}],"curies":[{"name":"wp","href":"https:\/\/api.w.org\/{rel}","templated":true}]}}