{"id":270,"date":"2018-02-06T16:39:47","date_gmt":"2018-02-06T16:39:47","guid":{"rendered":"https:\/\/www.onfirewebs.com\/diseno-web-y-programacion\/"},"modified":"2018-02-17T22:29:14","modified_gmt":"2018-02-17T22:29:14","slug":"disseny-web-grafic-i-programacio","status":"publish","type":"page","link":"https:\/\/www.onfirewebs.com\/ca\/disseny-web-grafic-i-programacio\/","title":{"rendered":"DISSENY WEB GR\u00c0FIC I PROGRAMACI\u00d3"},"content":{"rendered":"<p>[vc_row][vc_column width=&#8221;1\/3&#8243; offset=&#8221;vc_hidden-sm vc_hidden-xs&#8221;][vc_round_chart type=&#8221;doughnut&#8221; style=&#8221;modern&#8221; stroke_width=&#8221;2&#8243; values=&#8221;%5B%7B%22title%22%3A%22An%C3%A0lisi%22%2C%22value%22%3A%2225%22%2C%22color%22%3A%22sandy-brown%22%7D%2C%7B%22title%22%3A%22Disseny%22%2C%22value%22%3A%2225%22%2C%22color%22%3A%22juicy-pink%22%7D%2C%7B%22title%22%3A%22Maquetaci%C3%B3%22%2C%22value%22%3A%2225%22%2C%22color%22%3A%22violet%22%7D%2C%7B%22title%22%3A%22Programaci%C3%B3%22%2C%22value%22%3A%2225%22%2C%22color%22%3A%22mulled-wine%22%7D%5D&#8221; animation=&#8221;easeOutQuart&#8221;][\/vc_column][vc_column width=&#8221;2\/3&#8243; offset=&#8221;vc_hidden-sm vc_hidden-xs&#8221;][vc_column_text]<\/p>\n<h3 class=\"single-title\">ENGINYERIA EN EL DESENVOLUPAMENT I PROGRAMACI\u00d3<\/h3>\n<p>No ens limitem a dissenyar i programar. Ens involucrem en cada projecte com si fos el nostre, t&#8217;assessorem i estudiem la millor estrat\u00e8gia de programaci\u00f3 i \u00e8xit a la xarxa.<\/p>\n<p>Tots els nostres projectes web s\u00f3n responsive, preparats per m\u00f2bil i tablet. Treballats amb molt de compte perqu\u00e8 en la seva posada en marxa indexi en cercadors el seu contingut i google friendly.<\/p>\n<p>No dubtis a demanar-nos qualsevol necessitat que el teu treball o empresa requereixi: Sistemes de reserva, backends, f\u00f2rums, apis restfull, passarel\u00b7les de pagament, xats, streaming, softwares, web multilingue, intranets, etc.[\/vc_column_text][\/vc_column][\/vc_row][vc_row][vc_column offset=&#8221;vc_hidden-lg vc_hidden-md&#8221;][vc_column_text]<\/p>\n<h3 class=\"single-title\">ENGINYERIA EN EL DESENVOLUPAMENT I PROGRAMACI\u00d3<\/h3>\n<p>No ens limitem a dissenyar i programar. Ens involucrem en cada projecte com si fos el nostre, t&#8217;assessorem i estudiem la millor estrat\u00e8gia de programaci\u00f3 i \u00e8xit a la xarxa.<\/p>\n<p>Tots els nostres projectes web s\u00f3n responsive, preparats per m\u00f2bil i tablet. Treballats amb molt de compte perqu\u00e8 en la seva posada en marxa indexi en cercadors el seu contingut i google friendly.<\/p>\n<p>No dubtis a demanar-nos qualsevol necessitat que el teu treball o empresa requereixi: Sistemes de reserva, backends, f\u00f2rums, apis restfull, passarel\u00b7les de pagament, xats, streaming, softwares, web multilingue, intranets, etc.[\/vc_column_text][\/vc_column][vc_column offset=&#8221;vc_hidden-lg vc_hidden-md&#8221;][vc_row_inner][vc_column_inner width=&#8221;1\/6&#8243;][\/vc_column_inner][vc_column_inner width=&#8221;2\/3&#8243;][vc_round_chart type=&#8221;doughnut&#8221; style=&#8221;modern&#8221; stroke_width=&#8221;2&#8243; values=&#8221;%5B%7B%22title%22%3A%22An%C3%A0lisi%22%2C%22value%22%3A%2225%22%2C%22color%22%3A%22sandy-brown%22%7D%2C%7B%22title%22%3A%22Disseny%22%2C%22value%22%3A%2225%22%2C%22color%22%3A%22juicy-pink%22%7D%2C%7B%22title%22%3A%22Maquetaci%C3%B3%22%2C%22value%22%3A%2225%22%2C%22color%22%3A%22violet%22%7D%2C%7B%22title%22%3A%22Programaci%C3%B3%22%2C%22value%22%3A%2225%22%2C%22color%22%3A%22mulled-wine%22%7D%5D&#8221; animation=&#8221;easeOutQuart&#8221;][\/vc_column_inner][vc_column_inner width=&#8221;1\/6&#8243;][\/vc_column_inner][\/vc_row_inner][\/vc_column][\/vc_row][vc_row][vc_column][vc_empty_space height=&#8221;52px&#8221;][\/vc_column][\/vc_row][vc_row][vc_column width=&#8221;1\/2&#8243; offset=&#8221;vc_hidden-sm vc_hidden-xs&#8221;][vc_text_separator title=&#8221;Botigues Online i Marketplaces&#8221; i_icon_fontawesome=&#8221;fa fa-play&#8221; i_color=&#8221;custom&#8221; i_size=&#8221;sm&#8221; add_icon=&#8221;true&#8221; i_custom_color=&#8221;#dd0000&#8243;][vc_column_text]Treballem amb Cms o botigues online fetes des de zero. Pugem el teu cat\u00e0leg de productes i junts triem la millor opci\u00f3 de disseny per adaptar-la als teus gustos. Tenim m\u00f2duls fets per nosaltres que faciliten la gesti\u00f3 de comptabilitat, enviament, devolucions, estoc, descomptes, etc. Personalitzarem al 100% la botiga en l\u00ednia.[\/vc_column_text][\/vc_column][vc_column width=&#8221;1\/2&#8243; offset=&#8221;vc_hidden-sm vc_hidden-xs&#8221;][vc_single_image image=&#8221;35&#8243; img_size=&#8221;536&#215;220&#8243; style=&#8221;vc_box_rounded&#8221; css_animation=&#8221;flipInY&#8221;][\/vc_column][\/vc_row][vc_row][vc_column offset=&#8221;vc_hidden-lg vc_hidden-md&#8221;][vc_single_image image=&#8221;35&#8243; img_size=&#8221;536&#215;220&#8243; alignment=&#8221;center&#8221; style=&#8221;vc_box_rounded&#8221; css_animation=&#8221;flipInY&#8221;][vc_text_separator title=&#8221;Botigues Online i Marketplaces&#8221; i_icon_fontawesome=&#8221;fa fa-play&#8221; i_color=&#8221;custom&#8221; i_size=&#8221;sm&#8221; add_icon=&#8221;true&#8221; i_custom_color=&#8221;#dd0000&#8243;][vc_column_text]Treballem amb Cms o botigues online fetes des de zero. Pugem el teu cat\u00e0leg de productes i junts triem la millor opci\u00f3 de disseny per adaptar-la als teus gustos. Tenim m\u00f2duls fets per nosaltres que faciliten la gesti\u00f3 de comptabilitat, enviament, devolucions, estoc, descomptes, etc. Personalitzarem al 100% la botiga en l\u00ednia.[\/vc_column_text][\/vc_column][\/vc_row][vc_row][vc_column width=&#8221;1\/2&#8243; offset=&#8221;vc_hidden-sm vc_hidden-xs&#8221;][vc_single_image image=&#8221;44&#8243; img_size=&#8221;536&#215;220&#8243; style=&#8221;vc_box_rounded&#8221; css_animation=&#8221;flipInY&#8221;][\/vc_column][vc_column width=&#8221;1\/2&#8243; offset=&#8221;vc_hidden-sm vc_hidden-xs&#8221;][vc_text_separator title=&#8221;Webs per a serveis&#8221; i_icon_fontawesome=&#8221;fa fa-play&#8221; i_color=&#8221;custom&#8221; i_size=&#8221;sm&#8221; add_icon=&#8221;true&#8221; i_custom_color=&#8221;#dd0000&#8243;][vc_column_text]Tens una botiga, servei o negoci f\u00edsic i el vols promocionar per internet? Avui dia anem a un restaurant o a una perruqueria o a una cl\u00ednica dental i sempre mirem dues coses, primer la web i despr\u00e9s les opinions del lloc. T&#8217;oferim l&#8217;oportunitat de portar el teu negoci a un altre nivell amb els nostres serveis web i marketing.[\/vc_column_text][\/vc_column][\/vc_row][vc_row][vc_column offset=&#8221;vc_hidden-lg vc_hidden-md&#8221;][vc_single_image image=&#8221;44&#8243; img_size=&#8221;536&#215;220&#8243; alignment=&#8221;center&#8221; style=&#8221;vc_box_rounded&#8221; css_animation=&#8221;flipInY&#8221;][vc_text_separator title=&#8221;Webs per a serveis&#8221; i_icon_fontawesome=&#8221;fa fa-play&#8221; i_color=&#8221;custom&#8221; i_size=&#8221;sm&#8221; add_icon=&#8221;true&#8221; i_custom_color=&#8221;#dd0000&#8243;][vc_column_text]Tens una botiga, servei o negoci f\u00edsic i el vols promocionar per internet? Avui dia anem a un restaurant o a una perruqueria o a una cl\u00ednica dental i sempre mirem dues coses, primer la web i despr\u00e9s les opinions del lloc. T&#8217;oferim l&#8217;oportunitat de portar el teu negoci a un altre nivell amb els nostres serveis web i marketing.[\/vc_column_text][\/vc_column][\/vc_row][vc_row][vc_column width=&#8221;1\/2&#8243; offset=&#8221;vc_hidden-sm vc_hidden-xs&#8221;][vc_text_separator title=&#8221;Blogs 2.0&#8243; i_icon_fontawesome=&#8221;fa fa-play&#8221; i_color=&#8221;custom&#8221; i_size=&#8221;sm&#8221; add_icon=&#8221;true&#8221; i_custom_color=&#8221;#dd0000&#8243;][vc_column_text]Treballarem el teu blog amb WordPress o la tecnologia que vulguis. Estem especialitzats en Influencers, YouTubers, vloggers, instagramers i freelances en general, creant webs autogestionables de molt f\u00e0cil \u00fas i amb els plugins i integracions amb xarxes socials m\u00e9s avan\u00e7ats.[\/vc_column_text][\/vc_column][vc_column width=&#8221;1\/2&#8243; offset=&#8221;vc_hidden-sm vc_hidden-xs&#8221;][vc_single_image image=&#8221;46&#8243; img_size=&#8221;536&#215;220&#8243; style=&#8221;vc_box_rounded&#8221; css_animation=&#8221;flipInY&#8221;][\/vc_column][\/vc_row][vc_row][vc_column offset=&#8221;vc_hidden-lg vc_hidden-md&#8221;][vc_single_image image=&#8221;46&#8243; img_size=&#8221;536&#215;220&#8243; alignment=&#8221;center&#8221; style=&#8221;vc_box_rounded&#8221; css_animation=&#8221;flipInY&#8221;][vc_text_separator title=&#8221;Blogs 2.0&#8243; i_icon_fontawesome=&#8221;fa fa-play&#8221; i_color=&#8221;custom&#8221; i_size=&#8221;sm&#8221; add_icon=&#8221;true&#8221; i_custom_color=&#8221;#dd0000&#8243;][vc_column_text]Treballarem el teu blog amb WordPress o la tecnologia que vulguis. Estem especialitzats en Influencers, YouTubers, vloggers, instagramers i freelances en general, creant webs autogestionables de molt f\u00e0cil \u00fas i amb els plugins i integracions amb xarxes socials m\u00e9s avan\u00e7ats.[\/vc_column_text][\/vc_column][\/vc_row][vc_row][vc_column width=&#8221;1\/2&#8243; offset=&#8221;vc_hidden-sm vc_hidden-xs&#8221;][vc_single_image image=&#8221;68&#8243; img_size=&#8221;536&#215;220&#8243; style=&#8221;vc_box_rounded&#8221; css_animation=&#8221;flipInY&#8221;][\/vc_column][vc_column width=&#8221;1\/2&#8243; offset=&#8221;vc_hidden-sm vc_hidden-xs&#8221;][vc_text_separator title=&#8221;Apps per m\u00f2bil i tablet&#8221; i_icon_fontawesome=&#8221;fa fa-play&#8221; i_color=&#8221;custom&#8221; i_size=&#8221;sm&#8221; add_icon=&#8221;true&#8221; i_custom_color=&#8221;#dd0000&#8243;][vc_column_text]Creem Apps natives o h\u00edbrides, segons necessitats, per als markets de IOS i ANDROID. Treballem aplicacions en entorns de jocs, clon-web i adaptem els sistemes publicitaris o passarel\u00b7les de pagament a les tecnologies mobile. Apps sectorials perqu\u00e8 entenem que cada negoci requereix unes condicions diferents.[\/vc_column_text][\/vc_column][\/vc_row][vc_row][vc_column offset=&#8221;vc_hidden-lg vc_hidden-md&#8221;][vc_single_image image=&#8221;68&#8243; img_size=&#8221;536&#215;220&#8243; alignment=&#8221;center&#8221; style=&#8221;vc_box_rounded&#8221; css_animation=&#8221;flipInY&#8221;][vc_text_separator title=&#8221;Apps per m\u00f2bil i tablet&#8221; i_icon_fontawesome=&#8221;fa fa-play&#8221; i_color=&#8221;custom&#8221; i_size=&#8221;sm&#8221; add_icon=&#8221;true&#8221; i_custom_color=&#8221;#dd0000&#8243;][vc_column_text]Creem Apps natives o h\u00edbrides, segons necessitats, per als markets de IOS i ANDROID. Treballem aplicacions en entorns de jocs, clon-web i adaptem els sistemes publicitaris o passarel\u00b7les de pagament a les tecnologies mobile. Apps sectorials perqu\u00e8 entenem que cada negoci requereix unes condicions diferents.[\/vc_column_text][\/vc_column][\/vc_row][vc_row][vc_column width=&#8221;1\/2&#8243; offset=&#8221;vc_hidden-sm vc_hidden-xs&#8221;][vc_text_separator title=&#8221;Identitat corporativa&#8221; i_icon_fontawesome=&#8221;fa fa-play&#8221; i_color=&#8221;custom&#8221; i_size=&#8221;sm&#8221; add_icon=&#8221;true&#8221; i_custom_color=&#8221;#dd0000&#8243;][vc_column_text]A partir d&#8217;un estudi del projecte, parlar i concretar diferents aspectes, comencem a dissenyar el que ser\u00e0 la imatge de la teva empresa. Tenim diversos packs en qu\u00e8 lliurem logo, targeta de visita, fulla membretada, covers, imatge per a xarxes socials i manual de marca per a \u00fas personal o presentaci\u00f3 de registre.[\/vc_column_text][\/vc_column][vc_column width=&#8221;1\/2&#8243; offset=&#8221;vc_hidden-sm vc_hidden-xs&#8221;][vc_single_image image=&#8221;70&#8243; img_size=&#8221;536&#215;220&#8243; style=&#8221;vc_box_rounded&#8221; css_animation=&#8221;flipInY&#8221;][\/vc_column][\/vc_row][vc_row][vc_column offset=&#8221;vc_hidden-lg vc_hidden-md vc_hidden-sm&#8221;][vc_single_image image=&#8221;70&#8243; img_size=&#8221;536&#215;220&#8243; alignment=&#8221;center&#8221; style=&#8221;vc_box_rounded&#8221; css_animation=&#8221;flipInY&#8221;][vc_text_separator title=&#8221;Identitat corporativa&#8221; i_icon_fontawesome=&#8221;fa fa-play&#8221; i_color=&#8221;custom&#8221; i_size=&#8221;sm&#8221; add_icon=&#8221;true&#8221; i_custom_color=&#8221;#dd0000&#8243;][vc_column_text]A partir d&#8217;un estudi del projecte, parlar i concretar diferents aspectes, comencem a dissenyar el que ser\u00e0 la imatge de la teva empresa. Tenim diversos packs en qu\u00e8 lliurem logo, targeta de visita, fulla membretada, covers, imatge per a xarxes socials i manual de marca per a \u00fas personal o presentaci\u00f3 de registre.[\/vc_column_text][\/vc_column][\/vc_row][vc_row][vc_column width=&#8221;1\/2&#8243; offset=&#8221;vc_hidden-sm vc_hidden-xs&#8221;][vc_single_image image=&#8221;71&#8243; img_size=&#8221;536&#215;220&#8243; style=&#8221;vc_box_rounded&#8221; css_animation=&#8221;flipInY&#8221;][\/vc_column][vc_column width=&#8221;1\/2&#8243; offset=&#8221;vc_hidden-sm vc_hidden-xs&#8221;][vc_text_separator title=&#8221;Xarxa de blogs PBN\/MBN&#8221; i_icon_fontawesome=&#8221;fa fa-play&#8221; i_color=&#8221;custom&#8221; i_size=&#8221;sm&#8221; add_icon=&#8221;true&#8221; i_custom_color=&#8221;#dd0000&#8243;][vc_column_text]Estrat\u00e8gia que compartim amb els serveis de marketing. Creem una xarxa de 50\/100\/150 blogs enlla\u00e7ats entre si i amb un treball de SEO personalitzat, amb l&#8217;objectiu d&#8217;apuntar i donar tr\u00e0nsit de n\u00ednxol al teu money site (web principal o de negoci), i aix\u00ed establir les teves keys objectius en primeres posicions, entre altres avantatges com s\u00f3n la captaci\u00f3 de mails, inserci\u00f3 d&#8217;adsense o sponsors.[\/vc_column_text][\/vc_column][\/vc_row][vc_row][vc_column offset=&#8221;vc_hidden-lg vc_hidden-md&#8221;][vc_single_image image=&#8221;71&#8243; img_size=&#8221;536&#215;220&#8243; alignment=&#8221;center&#8221; style=&#8221;vc_box_rounded&#8221; css_animation=&#8221;flipInY&#8221;][vc_text_separator title=&#8221;Xarxa de blogs PBN\/MBN&#8221; i_icon_fontawesome=&#8221;fa fa-play&#8221; i_color=&#8221;custom&#8221; i_size=&#8221;sm&#8221; add_icon=&#8221;true&#8221; i_custom_color=&#8221;#dd0000&#8243;][vc_column_text]Estrat\u00e8gia que compartim amb els serveis de marketing. Creem una xarxa de 50\/100\/150 blogs enlla\u00e7ats entre si i amb un treball de SEO personalitzat, amb l&#8217;objectiu d&#8217;apuntar i donar tr\u00e0nsit de n\u00ednxol al teu money site (web principal o de negoci), i aix\u00ed establir les teves keys objectius en primeres posicions, entre altres avantatges com s\u00f3n la captaci\u00f3 de mails, inserci\u00f3 d&#8217;adsense o sponsors.[\/vc_column_text][\/vc_column][\/vc_row][vc_row full_width=&#8221;stretch_row&#8221; bg_type=&#8221;image&#8221; parallax_style=&#8221;vcpb-animated&#8221; bg_image_new=&#8221;id^214|url^https:\/\/www.onfirewebs.com\/wp-content\/uploads\/2018\/02\/OTRO-FONDO.jpg|caption^null|alt^null|title^OTRO-FONDO|description^null&#8221; parallax_content=&#8221;parallax_content_value&#8221;][vc_column][vc_empty_space height=&#8221;52px&#8221;]<div id=\"ultib3-13272056106a00a2ba52ace\" class=\" ultb3-box ult-adjust-bottom-margin  \" style=\"\"><img decoding=\"async\" src=\"https:\/\/www.onfirewebs.com\/wp-content\/uploads\/2018\/02\/fondo-texto-destacado.jpg\" style=\"\" class=\"ultb3-img ultb3-img-bottom-right\" alt=\"null\"\/><div id=\"Info-banner-wrap8161\" class=\"ultb3-info ib3-info-center\" data-animation=\"\" data-animation-delay=\"03\"><div class=\"ultb3-desc ult-responsive\"  data-ultimate-target='#Info-banner-wrap8161 .ultb3-desc'  data-responsive-json-new='{\"font-size\":\"\",\"line-height\":\"\"}'  style=\"font-weight:bold;color:#000000;\">Tens una perruqueria? Un restaurant? Un centre d'est\u00e8tica? O potser ofereixes serveis i vols obrir mercat a internet? Espera ... Tens un bloc de moda i vols donar el pas a Youtube? O un hotel que necessita renovar el seu sistema de reserves online? Ja ho tinc! Ets alg\u00fa emprenedor que vol millorar laboralment! Ara si, parlem \ud83d\ude09<\/div><a href=\"http:\/\/www.onfirewebs.com\/ca\/#contacte\" class=\"ultb3-btn ult-responsive\"  data-ultimate-target='#Info-banner-wrap8161 .ultb3-btn'  data-responsive-json-new='{\"font-size\":\"\",\"line-height\":\"\"}'  style=\"font-weight:normal;\">M\u00e9s informaci\u00f3<i class=\"Defaults-angle-right\"><\/i><\/a><\/div><\/div><style>\n\t\t\t\t\t#ultib3-13272056106a00a2ba52ace {\n\t\t\t\t\t\tmin-height:50px;\n\t\t\t\t\t}\n\t\t\t\t\t#ultib3-13272056106a00a2ba52ace img.ultb3-img {\n\t\t\t\t\t\theight: px;\n\t\t\t\t\t}\n\t\t\t\t\t#ultib3-13272056106a00a2ba52ace .ultb3-btn {\n\t\t\t\t\t\tborder:2px solid #cc1414;border-radius:50px;color:#000000;\n\t\t\t\t\t}\n\t\t\t\t\t#ultib3-13272056106a00a2ba52ace .ultb3-btn:hover {\n\t\t\t\t\t\tbackground:#cc1414;color:#ffffff;\n\t\t\t\t\t}\n\t\t\t\t<\/style>[\/vc_column][\/vc_row]<\/p>\n","protected":false},"excerpt":{"rendered":"<p>[vc_row][vc_column width=&#8221;1\/3&#8243; offset=&#8221;vc_hidden-sm vc_hidden-xs&#8221;][vc_round_chart type=&#8221;doughnut&#8221; style=&#8221;modern&#8221; stroke_width=&#8221;2&#8243; values=&#8221;%5B%7B%22title%22%3A%22An%C3%A0lisi%22%2C%22value%22%3A%2225%22%2C%22color%22%3A%22sandy-brown%22%7D%2C%7B%22title%22%3A%22Disseny%22%2C%22value%22%3A%2225%22%2C%22color%22%3A%22juicy-pink%22%7D%2C%7B%22title%22%3A%22Maquetaci%C3%B3%22%2C%22value%22%3A%2225%22%2C%22color%22%3A%22violet%22%7D%2C%7B%22title%22%3A%22Programaci%C3%B3%22%2C%22value%22%3A%2225%22%2C%22color%22%3A%22mulled-wine%22%7D%5D&#8221; animation=&#8221;easeOutQuart&#8221;][\/vc_column][vc_column width=&#8221;2\/3&#8243; offset=&#8221;vc_hidden-sm vc_hidden-xs&#8221;][vc_column_text] ENGINYERIA EN EL DESENVOLUPAMENT I PROGRAMACI\u00d3 No ens limitem a dissenyar i programar. Ens involucrem en cada projecte com si fos el nostre, t&#8217;assessorem i estudiem la millor estrat\u00e8gia de programaci\u00f3 i \u00e8xit a la xarxa. Tots els nostres projectes web s\u00f3n responsive,&hellip;<\/p>\n","protected":false},"author":1,"featured_media":14,"parent":0,"menu_order":0,"comment_status":"closed","ping_status":"closed","template":"","meta":[],"class_list":["post-270","page","type-page","status-publish","has-post-thumbnail","hentry","description-off"],"_links":{"self":[{"href":"https:\/\/www.onfirewebs.com\/ca\/wp-json\/wp\/v2\/pages\/270","targetHints":{"allow":["GET"]}}],"collection":[{"href":"https:\/\/www.onfirewebs.com\/ca\/wp-json\/wp\/v2\/pages"}],"about":[{"href":"https:\/\/www.onfirewebs.com\/ca\/wp-json\/wp\/v2\/types\/page"}],"author":[{"embeddable":true,"href":"https:\/\/www.onfirewebs.com\/ca\/wp-json\/wp\/v2\/users\/1"}],"replies":[{"embeddable":true,"href":"https:\/\/www.onfirewebs.com\/ca\/wp-json\/wp\/v2\/comments?post=270"}],"version-history":[{"count":15,"href":"https:\/\/www.onfirewebs.com\/ca\/wp-json\/wp\/v2\/pages\/270\/revisions"}],"predecessor-version":[{"id":483,"href":"https:\/\/www.onfirewebs.com\/ca\/wp-json\/wp\/v2\/pages\/270\/revisions\/483"}],"wp:featuredmedia":[{"embeddable":true,"href":"https:\/\/www.onfirewebs.com\/ca\/wp-json\/wp\/v2\/media\/14"}],"wp:attachment":[{"href":"https:\/\/www.onfirewebs.com\/ca\/wp-json\/wp\/v2\/media?parent=270"}],"curies":[{"name":"wp","href":"https:\/\/api.w.org\/{rel}","templated":true}]}}