{"id":271,"date":"2018-02-06T16:41:00","date_gmt":"2018-02-06T16:41:00","guid":{"rendered":"https:\/\/www.onfirewebs.com\/marketing-y-estrategia-online-de-contenidos\/"},"modified":"2018-02-17T22:18:55","modified_gmt":"2018-02-17T22:18:55","slug":"marketing-i-estrategia-online-de-continguts","status":"publish","type":"page","link":"https:\/\/www.onfirewebs.com\/ca\/marketing-i-estrategia-online-de-continguts\/","title":{"rendered":"MARKETING I ESTRAT\u00c8GIA ONLINE DE CONTINGUTS"},"content":{"rendered":"<p>[vc_row][vc_column width=&#8221;1\/3&#8243; offset=&#8221;vc_hidden-sm vc_hidden-xs&#8221;][vc_round_chart type=&#8221;doughnut&#8221; style=&#8221;modern&#8221; stroke_width=&#8221;2&#8243; values=&#8221;%5B%7B%22title%22%3A%22An%C3%A0lisi%20de%20mercat%22%2C%22value%22%3A%2225%22%2C%22color%22%3A%22sandy-brown%22%7D%2C%7B%22title%22%3A%22Estrat%C3%A8gia%22%2C%22value%22%3A%2225%22%2C%22color%22%3A%22juicy-pink%22%7D%2C%7B%22title%22%3A%22Creaci%C3%B3%20de%20campanyes%22%2C%22value%22%3A%2225%22%2C%22color%22%3A%22violet%22%7D%2C%7B%22title%22%3A%22Conversi%C3%B3%22%2C%22value%22%3A%2225%22%2C%22color%22%3A%22mulled-wine%22%7D%5D&#8221; animation=&#8221;easeOutQuart&#8221;][\/vc_column][vc_column width=&#8221;2\/3&#8243; offset=&#8221;vc_hidden-sm vc_hidden-xs&#8221;][vc_column_text]<\/p>\n<h2 class=\"single-title\">MARKETING PER A GRANS EMPRESES, FREELANCES Y START-UPS<\/h2>\n<p>Estudiem cada cas i t&#8217;enviarem un pressupost detallat dels diversos serveis adequats per al teu pla de negoci online. Estem cetificados per google i formats per crear una estrat\u00e8gia en la qual portar els teus projectes a l&#8217;\u00e8xit. La satisfacci\u00f3 dels nostres clients ens avala.<\/p>\n<p>Treballem conjuntament amb ag\u00e8ncies de publicitat en mitjans f\u00edsics i digitals, impremtes per a la posada en marxa de la teva identitat corporativa i Webmasters amb els quals col\u00b7laborem per tenir posting de qualitat.[\/vc_column_text][\/vc_column][\/vc_row][vc_row][vc_column offset=&#8221;vc_hidden-lg vc_hidden-md&#8221;][vc_column_text]<\/p>\n<h2 class=\"single-title\">MARKETING PER A GRANS EMPRESES, FREELANCES Y START-UPS<\/h2>\n<p>Estudiem cada cas i t&#8217;enviarem un pressupost detallat dels diversos serveis adequats per al teu pla de negoci online. Estem cetificados per google i formats per crear una estrat\u00e8gia en la qual portar els teus projectes a l&#8217;\u00e8xit. La satisfacci\u00f3 dels nostres clients ens avala.<\/p>\n<p>Treballem conjuntament amb ag\u00e8ncies de publicitat en mitjans f\u00edsics i digitals, impremtes per a la posada en marxa de la teva identitat corporativa i Webmasters amb els quals col\u00b7laborem per tenir posting de qualitat.[\/vc_column_text][\/vc_column][vc_column offset=&#8221;vc_hidden-lg vc_hidden-md&#8221;][vc_row_inner][vc_column_inner width=&#8221;1\/6&#8243;][\/vc_column_inner][vc_column_inner width=&#8221;2\/3&#8243;][vc_round_chart type=&#8221;doughnut&#8221; style=&#8221;modern&#8221; stroke_width=&#8221;2&#8243; values=&#8221;%5B%7B%22title%22%3A%22An%C3%A0lisi%20de%20mercat%22%2C%22value%22%3A%2225%22%2C%22color%22%3A%22sandy-brown%22%7D%2C%7B%22title%22%3A%22Estrat%C3%A8gia%22%2C%22value%22%3A%2225%22%2C%22color%22%3A%22juicy-pink%22%7D%2C%7B%22title%22%3A%22Creaci%C3%B3%20de%20campanyes%22%2C%22value%22%3A%2225%22%2C%22color%22%3A%22violet%22%7D%2C%7B%22title%22%3A%22Conversi%C3%B3%22%2C%22value%22%3A%2225%22%2C%22color%22%3A%22mulled-wine%22%7D%5D&#8221; animation=&#8221;easeOutQuart&#8221;][\/vc_column_inner][vc_column_inner width=&#8221;1\/6&#8243;][\/vc_column_inner][\/vc_row_inner][\/vc_column][\/vc_row][vc_row][vc_column][vc_empty_space height=&#8221;52px&#8221;][\/vc_column][\/vc_row][vc_row][vc_column width=&#8221;1\/2&#8243; offset=&#8221;vc_hidden-sm vc_hidden-xs&#8221;][vc_text_separator title=&#8221;SEO \/ SEM&#8221; i_icon_fontawesome=&#8221;fa fa-play&#8221; i_color=&#8221;custom&#8221; i_size=&#8221;sm&#8221; add_icon=&#8221;true&#8221; i_custom_color=&#8221;#dd0000&#8243;][vc_column_text]Seo Onpage per deixar la teva web amigable en cercadors i millorar la seva indexaci\u00f3. I Seo Offpage oferint-te la millor metodologia per assolir objectius. Creem campanyes de SEM a google adwords adaptant-nos al pressupost que vulguis.[\/vc_column_text][\/vc_column][vc_column width=&#8221;1\/2&#8243; offset=&#8221;vc_hidden-sm vc_hidden-xs&#8221;][vc_single_image image=&#8221;75&#8243; img_size=&#8221;536&#215;220&#8243; style=&#8221;vc_box_rounded&#8221; css_animation=&#8221;flipInY&#8221;][\/vc_column][\/vc_row][vc_row][vc_column offset=&#8221;vc_hidden-lg vc_hidden-md&#8221;][vc_single_image image=&#8221;75&#8243; img_size=&#8221;536&#215;220&#8243; alignment=&#8221;center&#8221; style=&#8221;vc_box_rounded&#8221; css_animation=&#8221;flipInY&#8221;][vc_text_separator title=&#8221;SEO \/ SEM&#8221; i_icon_fontawesome=&#8221;fa fa-play&#8221; i_color=&#8221;custom&#8221; i_size=&#8221;sm&#8221; add_icon=&#8221;true&#8221; i_custom_color=&#8221;#dd0000&#8243;][vc_column_text]Seo Onpage per deixar la teva web amigable en cercadors i millorar la seva indexaci\u00f3. I Seo Offpage oferint-te la millor metodologia per assolir objectius. Creem campanyes de SEM a google adwords adaptant-nos al pressupost que vulguis.[\/vc_column_text][\/vc_column][\/vc_row][vc_row][vc_column width=&#8221;1\/2&#8243; offset=&#8221;vc_hidden-sm vc_hidden-xs&#8221;][vc_single_image image=&#8221;77&#8243; img_size=&#8221;536&#215;220&#8243; style=&#8221;vc_box_rounded&#8221; css_animation=&#8221;flipInY&#8221;][\/vc_column][vc_column width=&#8221;1\/2&#8243; offset=&#8221;vc_hidden-sm vc_hidden-xs&#8221;][vc_text_separator title=&#8221;Linkbuilding de qualitat&#8221; i_icon_fontawesome=&#8221;fa fa-play&#8221; i_color=&#8221;custom&#8221; i_size=&#8221;sm&#8221; add_icon=&#8221;true&#8221; i_custom_color=&#8221;#dd0000&#8243;][vc_column_text]Treballem amb enlla\u00e7os de qualitat del mateix n\u00ednxol i sector que el teu. Mai vam publicar en altres idiomes ni en les temudes granges d&#8217;enlla\u00e7os. Creem linkbuilding natural gr\u00e0cies als nostres afiliats i projectes propis.[\/vc_column_text][\/vc_column][\/vc_row][vc_row][vc_column offset=&#8221;vc_hidden-lg vc_hidden-md&#8221;][vc_single_image image=&#8221;77&#8243; img_size=&#8221;536&#215;220&#8243; alignment=&#8221;center&#8221; style=&#8221;vc_box_rounded&#8221; css_animation=&#8221;flipInY&#8221;][vc_text_separator title=&#8221;Linkbuilding de qualitat&#8221; i_icon_fontawesome=&#8221;fa fa-play&#8221; i_color=&#8221;custom&#8221; i_size=&#8221;sm&#8221; add_icon=&#8221;true&#8221; i_custom_color=&#8221;#dd0000&#8243;][vc_column_text]Treballem amb enlla\u00e7os de qualitat del mateix n\u00ednxol i sector que el teu. Mai vam publicar en altres idiomes ni en les temudes granges d&#8217;enlla\u00e7os. Creem linkbuilding natural gr\u00e0cies als nostres afiliats i projectes propis.[\/vc_column_text][\/vc_column][\/vc_row][vc_row][vc_column width=&#8221;1\/2&#8243; offset=&#8221;vc_hidden-sm vc_hidden-xs&#8221;][vc_text_separator title=&#8221;Social media manager&#8221; i_icon_fontawesome=&#8221;fa fa-play&#8221; i_color=&#8221;custom&#8221; i_size=&#8221;sm&#8221; add_icon=&#8221;true&#8221; i_custom_color=&#8221;#dd0000&#8243;][vc_column_text]Establim una estrat\u00e8gia mitjan\u00e7ant la publicaci\u00f3 de posts a les xarxes socials per augmentar popularitat, engagment i conversi\u00f3 de vendes \/ serveis. Treballem amb gestors de contingut que ens permeten estar al dia de les tend\u00e8ncies, els hashtags i les publicacions m\u00e9s indicades per a cada sector.[\/vc_column_text][\/vc_column][vc_column width=&#8221;1\/2&#8243; offset=&#8221;vc_hidden-sm vc_hidden-xs&#8221;][vc_single_image image=&#8221;80&#8243; img_size=&#8221;536&#215;220&#8243; style=&#8221;vc_box_rounded&#8221; css_animation=&#8221;flipInY&#8221;][\/vc_column][\/vc_row][vc_row][vc_column offset=&#8221;vc_hidden-lg vc_hidden-md&#8221;][vc_single_image image=&#8221;80&#8243; img_size=&#8221;536&#215;220&#8243; alignment=&#8221;center&#8221; style=&#8221;vc_box_rounded&#8221; css_animation=&#8221;flipInY&#8221;][vc_text_separator title=&#8221;Social media manager&#8221; i_icon_fontawesome=&#8221;fa fa-play&#8221; i_color=&#8221;custom&#8221; i_size=&#8221;sm&#8221; add_icon=&#8221;true&#8221; i_custom_color=&#8221;#dd0000&#8243;][vc_column_text]Establim una estrat\u00e8gia mitjan\u00e7ant la publicaci\u00f3 de posts a les xarxes socials per augmentar popularitat, engagment i conversi\u00f3 de vendes \/ serveis. Treballem amb gestors de contingut que ens permeten estar al dia de les tend\u00e8ncies, els hashtags i les publicacions m\u00e9s indicades per a cada sector.[\/vc_column_text][\/vc_column][\/vc_row][vc_row][vc_column width=&#8221;1\/2&#8243; offset=&#8221;vc_hidden-sm vc_hidden-xs&#8221;][vc_single_image image=&#8221;71&#8243; img_size=&#8221;536&#215;220&#8243; style=&#8221;vc_box_rounded&#8221; css_animation=&#8221;flipInY&#8221;][\/vc_column][vc_column width=&#8221;1\/2&#8243; offset=&#8221;vc_hidden-sm vc_hidden-xs&#8221;][vc_text_separator title=&#8221;Xarxa de blogs PBN\/MBN&#8221; i_icon_fontawesome=&#8221;fa fa-play&#8221; i_color=&#8221;custom&#8221; i_size=&#8221;sm&#8221; add_icon=&#8221;true&#8221; i_custom_color=&#8221;#dd0000&#8243;][vc_column_text]Estrat\u00e8gia que compartim amb els serveis de marketing. Creem una xarxa de 50\/100\/150 blogs enlla\u00e7ats entre si i amb un treball de SEO personalitzat, amb l\u2019objectiu d\u2019apuntar i donar tr\u00e0nsit de n\u00ednxol al teu money site (web principal o de negoci), i aix\u00ed establir les teves keys objectius en primeres posicions, entre altres avantatges com s\u00f3n la captaci\u00f3 de mails, inserci\u00f3 d\u2019adsense o sponsors.[\/vc_column_text][\/vc_column][\/vc_row][vc_row][vc_column offset=&#8221;vc_hidden-lg vc_hidden-md&#8221;][vc_single_image image=&#8221;71&#8243; img_size=&#8221;536&#215;220&#8243; alignment=&#8221;center&#8221; style=&#8221;vc_box_rounded&#8221; css_animation=&#8221;flipInY&#8221;][vc_text_separator title=&#8221;Xarxa de blogs PBN\/MBN&#8221; i_icon_fontawesome=&#8221;fa fa-play&#8221; i_color=&#8221;custom&#8221; i_size=&#8221;sm&#8221; add_icon=&#8221;true&#8221; i_custom_color=&#8221;#dd0000&#8243;][vc_column_text]Estrat\u00e8gia que compartim amb els serveis de marketing. Creem una xarxa de 50\/100\/150 blogs enlla\u00e7ats entre si i amb un treball de SEO personalitzat, amb l\u2019objectiu d\u2019apuntar i donar tr\u00e0nsit de n\u00ednxol al teu money site (web principal o de negoci), i aix\u00ed establir les teves keys objectius en primeres posicions, entre altres avantatges com s\u00f3n la captaci\u00f3 de mails, inserci\u00f3 d\u2019adsense o sponsors.[\/vc_column_text][\/vc_column][\/vc_row][vc_row full_width=&#8221;stretch_row&#8221; bg_type=&#8221;image&#8221; parallax_style=&#8221;vcpb-animated&#8221; bg_image_new=&#8221;id^214|url^https:\/\/www.onfirewebs.com\/wp-content\/uploads\/2018\/02\/OTRO-FONDO.jpg|caption^null|alt^null|title^OTRO-FONDO|description^null&#8221; parallax_content=&#8221;parallax_content_value&#8221;][vc_column][vc_empty_space height=&#8221;52px&#8221;]<div id=\"ultib3-2148785236a00a2b9a173e\" class=\" ultb3-box ult-adjust-bottom-margin  \" style=\"\"><img decoding=\"async\" src=\"https:\/\/www.onfirewebs.com\/wp-content\/uploads\/2018\/02\/fondo-texto-destacado.jpg\" style=\"\" class=\"ultb3-img ultb3-img-bottom-right\" alt=\"null\"\/><div id=\"Info-banner-wrap8390\" class=\"ultb3-info ib3-info-center\" data-animation=\"\" data-animation-delay=\"03\"><div class=\"ultb3-desc ult-responsive\"  data-ultimate-target='#Info-banner-wrap8390 .ultb3-desc'  data-responsive-json-new='{\"font-size\":\"\",\"line-height\":\"\"}'  style=\"font-weight:bold;color:#000000;\">Tens una perruqueria? Un restaurant? Un centre d'est\u00e8tica? O potser ofereixes serveis i vols obrir mercat a internet? Espera ... Tens un bloc de moda i vols donar el pas a Youtube? O un hotel que necessita renovar el seu sistema de reserves online? Ja ho tinc! Ets alg\u00fa emprenedor que vol millorar laboralment! Ara si, parlem \ud83d\ude09<\/div><a href=\"http:\/\/www.onfirewebs.com\/ca\/#contacte\" class=\"ultb3-btn ult-responsive\"  data-ultimate-target='#Info-banner-wrap8390 .ultb3-btn'  data-responsive-json-new='{\"font-size\":\"\",\"line-height\":\"\"}'  style=\"font-weight:normal;\">M\u00e1s informaci\u00f3n<i class=\"Defaults-angle-right\"><\/i><\/a><\/div><\/div><style>\n\t\t\t\t\t#ultib3-2148785236a00a2b9a173e {\n\t\t\t\t\t\tmin-height:50px;\n\t\t\t\t\t}\n\t\t\t\t\t#ultib3-2148785236a00a2b9a173e img.ultb3-img {\n\t\t\t\t\t\theight: px;\n\t\t\t\t\t}\n\t\t\t\t\t#ultib3-2148785236a00a2b9a173e .ultb3-btn {\n\t\t\t\t\t\tborder:2px solid #cc1414;border-radius:50px;color:#000000;\n\t\t\t\t\t}\n\t\t\t\t\t#ultib3-2148785236a00a2b9a173e .ultb3-btn:hover {\n\t\t\t\t\t\tbackground:#cc1414;color:#ffffff;\n\t\t\t\t\t}\n\t\t\t\t<\/style>[\/vc_column][\/vc_row]<\/p>\n","protected":false},"excerpt":{"rendered":"<p>[vc_row][vc_column width=&#8221;1\/3&#8243; offset=&#8221;vc_hidden-sm vc_hidden-xs&#8221;][vc_round_chart type=&#8221;doughnut&#8221; style=&#8221;modern&#8221; stroke_width=&#8221;2&#8243; values=&#8221;%5B%7B%22title%22%3A%22An%C3%A0lisi%20de%20mercat%22%2C%22value%22%3A%2225%22%2C%22color%22%3A%22sandy-brown%22%7D%2C%7B%22title%22%3A%22Estrat%C3%A8gia%22%2C%22value%22%3A%2225%22%2C%22color%22%3A%22juicy-pink%22%7D%2C%7B%22title%22%3A%22Creaci%C3%B3%20de%20campanyes%22%2C%22value%22%3A%2225%22%2C%22color%22%3A%22violet%22%7D%2C%7B%22title%22%3A%22Conversi%C3%B3%22%2C%22value%22%3A%2225%22%2C%22color%22%3A%22mulled-wine%22%7D%5D&#8221; animation=&#8221;easeOutQuart&#8221;][\/vc_column][vc_column width=&#8221;2\/3&#8243; offset=&#8221;vc_hidden-sm vc_hidden-xs&#8221;][vc_column_text] MARKETING PER A GRANS EMPRESES, FREELANCES Y START-UPS Estudiem cada cas i t&#8217;enviarem un pressupost detallat dels diversos serveis adequats per al teu pla de negoci online. Estem cetificados per google i formats per crear una estrat\u00e8gia en la qual portar els teus&hellip;<\/p>\n","protected":false},"author":1,"featured_media":16,"parent":0,"menu_order":0,"comment_status":"closed","ping_status":"closed","template":"","meta":[],"class_list":["post-271","page","type-page","status-publish","has-post-thumbnail","hentry","description-off"],"_links":{"self":[{"href":"https:\/\/www.onfirewebs.com\/ca\/wp-json\/wp\/v2\/pages\/271","targetHints":{"allow":["GET"]}}],"collection":[{"href":"https:\/\/www.onfirewebs.com\/ca\/wp-json\/wp\/v2\/pages"}],"about":[{"href":"https:\/\/www.onfirewebs.com\/ca\/wp-json\/wp\/v2\/types\/page"}],"author":[{"embeddable":true,"href":"https:\/\/www.onfirewebs.com\/ca\/wp-json\/wp\/v2\/users\/1"}],"replies":[{"embeddable":true,"href":"https:\/\/www.onfirewebs.com\/ca\/wp-json\/wp\/v2\/comments?post=271"}],"version-history":[{"count":18,"href":"https:\/\/www.onfirewebs.com\/ca\/wp-json\/wp\/v2\/pages\/271\/revisions"}],"predecessor-version":[{"id":480,"href":"https:\/\/www.onfirewebs.com\/ca\/wp-json\/wp\/v2\/pages\/271\/revisions\/480"}],"wp:featuredmedia":[{"embeddable":true,"href":"https:\/\/www.onfirewebs.com\/ca\/wp-json\/wp\/v2\/media\/16"}],"wp:attachment":[{"href":"https:\/\/www.onfirewebs.com\/ca\/wp-json\/wp\/v2\/media?parent=271"}],"curies":[{"name":"wp","href":"https:\/\/api.w.org\/{rel}","templated":true}]}}