{"id":280,"date":"2018-02-06T16:46:18","date_gmt":"2018-02-06T16:46:18","guid":{"rendered":"https:\/\/www.onfirewebs.com\/outsourcing-comercial-webmaster-y-admin\/"},"modified":"2018-02-17T21:57:06","modified_gmt":"2018-02-17T21:57:06","slug":"outsourcing-comercial-webmaster-i-admin","status":"publish","type":"page","link":"https:\/\/www.onfirewebs.com\/ca\/outsourcing-comercial-webmaster-i-admin\/","title":{"rendered":"OUTSOURCING COMERCIAL WEBMASTER I ADMIN"},"content":{"rendered":"<p>[vc_row][vc_column width=&#8221;1\/2&#8243; offset=&#8221;vc_hidden-sm vc_hidden-xs&#8221;][vc_single_image image=&#8221;102&#8243; img_size=&#8221;585&#215;223&#8243; css_animation=&#8221;slideInDown&#8221;][\/vc_column][vc_column width=&#8221;1\/2&#8243; offset=&#8221;vc_hidden-sm vc_hidden-xs&#8221;][vc_text_separator title=&#8221;Tasques comercials i administratives&#8221; i_icon_fontawesome=&#8221;fa fa-play&#8221; i_color=&#8221;custom&#8221; i_size=&#8221;sm&#8221; add_icon=&#8221;true&#8221; i_custom_color=&#8221;#dd0000&#8243;][vc_column_text]Ens encarreguem d&#8217;aquelles tasques i gestions que et portarien a contractar personal amb les seves despeses pertinents i que d&#8217;aquesta manera pots estalviar en costos i temps.<\/p>\n<p>Tenim comercials i administratius especialitzats en atenci\u00f3 telef\u00f2nica, mailing, captaci\u00f3 de producte, recerca de noves oportunitats i treball en equip.[\/vc_column_text][\/vc_column][\/vc_row][vc_row][vc_column offset=&#8221;vc_hidden-lg vc_hidden-md&#8221;][vc_single_image image=&#8221;102&#8243; img_size=&#8221;585&#215;223&#8243; alignment=&#8221;center&#8221; css_animation=&#8221;slideInDown&#8221;][vc_text_separator title=&#8221;Tasques comercials i administratives&#8221; i_icon_fontawesome=&#8221;fa fa-play&#8221; i_color=&#8221;custom&#8221; i_size=&#8221;sm&#8221; add_icon=&#8221;true&#8221; i_custom_color=&#8221;#dd0000&#8243;][vc_column_text]Ens encarreguem d&#8217;aquelles tasques i gestions que et portarien a contractar personal amb les seves despeses pertinents i que d&#8217;aquesta manera pots estalviar en costos i temps.<\/p>\n<p>Tenim comercials i administratius especialitzats en atenci\u00f3 telef\u00f2nica, mailing, captaci\u00f3 de producte, recerca de noves oportunitats i treball en equip.[\/vc_column_text][\/vc_column][\/vc_row][vc_row][vc_column width=&#8221;1\/2&#8243; offset=&#8221;vc_hidden-sm vc_hidden-xs&#8221;][vc_text_separator title=&#8221;Webmaster i assistent t\u00e8cnic&#8221; i_icon_fontawesome=&#8221;fa fa-play&#8221; i_color=&#8221;custom&#8221; i_size=&#8221;sm&#8221; add_icon=&#8221;true&#8221; i_custom_color=&#8221;#dd0000&#8243;][vc_column_text]Amb el nostre servei de webmaster ens encarreguem de el manteniment i progr\u00e9s de la teva web o blog:<\/p>\n<ul>\n<li>Actualitzaci\u00f3 d&#8217;estoc i pujada i baixada de productes.<\/li>\n<li>Control de vendes.<\/li>\n<li>Posada en contacte per errors o comandes fallides.<\/li>\n<li>Resoluci\u00f3 de problemes.<\/li>\n<li>Publicaci\u00f3 d&#8217;entrades \/ posts.Totes aquelles necessitats que el teu projecte requereixi en el dia a dia i no tinguis temps de dur a terme o vulguis estalviar en costos de contractaci\u00f3.<\/li>\n<\/ul>\n<p>[\/vc_column_text][\/vc_column][vc_column width=&#8221;1\/2&#8243; offset=&#8221;vc_hidden-sm vc_hidden-xs&#8221;][vc_single_image image=&#8221;101&#8243; img_size=&#8221;585&#215;368&#8243; css_animation=&#8221;slideInUp&#8221;][\/vc_column][\/vc_row][vc_row][vc_column offset=&#8221;vc_hidden-lg vc_hidden-md&#8221;][vc_single_image image=&#8221;101&#8243; img_size=&#8221;585&#215;368&#8243; alignment=&#8221;center&#8221; css_animation=&#8221;slideInUp&#8221;][vc_text_separator title=&#8221;Webmaster i assistent t\u00e8cnic&#8221; i_icon_fontawesome=&#8221;fa fa-play&#8221; i_color=&#8221;custom&#8221; i_size=&#8221;sm&#8221; add_icon=&#8221;true&#8221; i_custom_color=&#8221;#dd0000&#8243;][vc_column_text]Amb el nostre servei de webmaster ens encarreguem de el manteniment i progr\u00e9s de la teva web o blog:<\/p>\n<ul>\n<li>Actualitzaci\u00f3 d&#8217;estoc i pujada i baixada de productes.<\/li>\n<li>Control de vendes.<\/li>\n<li>Posada en contacte per errors o comandes fallides.<\/li>\n<li>Resoluci\u00f3 de problemes.<\/li>\n<li>Publicaci\u00f3 d&#8217;entrades \/ posts.Totes aquelles necessitats que el teu projecte requereixi en el dia a dia i no tinguis temps de dur a terme o vulguis estalviar en costos de contractaci\u00f3.<\/li>\n<\/ul>\n<p>[\/vc_column_text][\/vc_column][\/vc_row][vc_row full_width=&#8221;stretch_row&#8221; bg_type=&#8221;image&#8221; parallax_style=&#8221;vcpb-animated&#8221; bg_image_new=&#8221;id^214|url^https:\/\/www.onfirewebs.com\/wp-content\/uploads\/2018\/02\/OTRO-FONDO.jpg|caption^null|alt^null|title^OTRO-FONDO|description^null&#8221; parallax_content=&#8221;parallax_content_value&#8221;][vc_column][vc_empty_space height=&#8221;52px&#8221;]<div id=\"ultib3-16695180246a00a2b859a97\" class=\" ultb3-box ult-adjust-bottom-margin  \" style=\"\"><img decoding=\"async\" src=\"https:\/\/www.onfirewebs.com\/wp-content\/uploads\/2018\/02\/fondo-texto-destacado.jpg\" style=\"\" class=\"ultb3-img ultb3-img-bottom-right\" alt=\"null\"\/><div id=\"Info-banner-wrap9482\" class=\"ultb3-info ib3-info-center\" data-animation=\"\" data-animation-delay=\"03\"><div class=\"ultb3-desc ult-responsive\"  data-ultimate-target='#Info-banner-wrap9482 .ultb3-desc'  data-responsive-json-new='{\"font-size\":\"\",\"line-height\":\"\"}'  style=\"font-weight:bold;color:#000000;\">Explica'ns en qu\u00e8 podem ajudar-te i et donarem pressupost sense comprom\u00eds. Cada client \u00e9s \u00fanic, mai rebr\u00e0s un mail pre fet, se'ns coneix pel nostre tracte proper i professional. Parlem?<\/div><a href=\"http:\/\/www.onfirewebs.com\/ca\/#contacte\" class=\"ultb3-btn ult-responsive\"  data-ultimate-target='#Info-banner-wrap9482 .ultb3-btn'  data-responsive-json-new='{\"font-size\":\"\",\"line-height\":\"\"}'  style=\"font-weight:normal;\">M\u00e9s informaci\u00f3<i class=\"Defaults-angle-right\"><\/i><\/a><\/div><\/div><style>\n\t\t\t\t\t#ultib3-16695180246a00a2b859a97 {\n\t\t\t\t\t\tmin-height:50px;\n\t\t\t\t\t}\n\t\t\t\t\t#ultib3-16695180246a00a2b859a97 img.ultb3-img {\n\t\t\t\t\t\theight: px;\n\t\t\t\t\t}\n\t\t\t\t\t#ultib3-16695180246a00a2b859a97 .ultb3-btn {\n\t\t\t\t\t\tborder:2px solid #cc1414;border-radius:50px;color:#000000;\n\t\t\t\t\t}\n\t\t\t\t\t#ultib3-16695180246a00a2b859a97 .ultb3-btn:hover {\n\t\t\t\t\t\tbackground:#cc1414;color:#ffffff;\n\t\t\t\t\t}\n\t\t\t\t<\/style>[\/vc_column][\/vc_row]<\/p>\n","protected":false},"excerpt":{"rendered":"<p>[vc_row][vc_column width=&#8221;1\/2&#8243; offset=&#8221;vc_hidden-sm vc_hidden-xs&#8221;][vc_single_image image=&#8221;102&#8243; img_size=&#8221;585&#215;223&#8243; css_animation=&#8221;slideInDown&#8221;][\/vc_column][vc_column width=&#8221;1\/2&#8243; offset=&#8221;vc_hidden-sm vc_hidden-xs&#8221;][vc_text_separator title=&#8221;Tasques comercials i administratives&#8221; i_icon_fontawesome=&#8221;fa fa-play&#8221; i_color=&#8221;custom&#8221; i_size=&#8221;sm&#8221; add_icon=&#8221;true&#8221; i_custom_color=&#8221;#dd0000&#8243;][vc_column_text]Ens encarreguem d&#8217;aquelles tasques i gestions que et portarien a contractar personal amb les seves despeses pertinents i que d&#8217;aquesta manera pots estalviar en costos i temps. Tenim comercials i administratius especialitzats en atenci\u00f3 telef\u00f2nica, mailing,&hellip;<\/p>\n","protected":false},"author":1,"featured_media":17,"parent":0,"menu_order":0,"comment_status":"closed","ping_status":"closed","template":"","meta":[],"class_list":["post-280","page","type-page","status-publish","has-post-thumbnail","hentry","description-off"],"_links":{"self":[{"href":"https:\/\/www.onfirewebs.com\/ca\/wp-json\/wp\/v2\/pages\/280","targetHints":{"allow":["GET"]}}],"collection":[{"href":"https:\/\/www.onfirewebs.com\/ca\/wp-json\/wp\/v2\/pages"}],"about":[{"href":"https:\/\/www.onfirewebs.com\/ca\/wp-json\/wp\/v2\/types\/page"}],"author":[{"embeddable":true,"href":"https:\/\/www.onfirewebs.com\/ca\/wp-json\/wp\/v2\/users\/1"}],"replies":[{"embeddable":true,"href":"https:\/\/www.onfirewebs.com\/ca\/wp-json\/wp\/v2\/comments?post=280"}],"version-history":[{"count":9,"href":"https:\/\/www.onfirewebs.com\/ca\/wp-json\/wp\/v2\/pages\/280\/revisions"}],"predecessor-version":[{"id":467,"href":"https:\/\/www.onfirewebs.com\/ca\/wp-json\/wp\/v2\/pages\/280\/revisions\/467"}],"wp:featuredmedia":[{"embeddable":true,"href":"https:\/\/www.onfirewebs.com\/ca\/wp-json\/wp\/v2\/media\/17"}],"wp:attachment":[{"href":"https:\/\/www.onfirewebs.com\/ca\/wp-json\/wp\/v2\/media?parent=280"}],"curies":[{"name":"wp","href":"https:\/\/api.w.org\/{rel}","templated":true}]}}